{"id":1378,"date":"2025-05-09T15:42:26","date_gmt":"2025-05-09T15:42:26","guid":{"rendered":"https:\/\/metodoluanasoares.com.br\/?page_id=1378"},"modified":"2026-02-07T13:44:02","modified_gmt":"2026-02-07T13:44:02","slug":"e-book-modelos-de-redacao-para-concursos","status":"publish","type":"page","link":"https:\/\/metodoluanasoares.com.br\/index.php\/e-book-modelos-de-redacao-para-concursos\/","title":{"rendered":"E-book: Modelos de reda\u00e7\u00e3o para concursos"},"content":{"rendered":"\n<div class=\"wp-block-media-text alignwide has-media-on-the-right is-stacked-on-mobile has-background-color has-foreground-background-color has-text-color has-background\" style=\"grid-template-columns:auto 35%\"><figure class=\"wp-block-media-text__media\"><img loading=\"lazy\" width=\"724\" height=\"1024\" src=\"https:\/\/metodoluanasoares.com.br\/wp-content\/uploads\/2025\/10\/Design-sem-nome-4-724x1024.png\" alt=\"\" class=\"wp-image-1690 size-full\" srcset=\"https:\/\/metodoluanasoares.com.br\/wp-content\/uploads\/2025\/10\/Design-sem-nome-4-724x1024.png 724w, https:\/\/metodoluanasoares.com.br\/wp-content\/uploads\/2025\/10\/Design-sem-nome-4-212x300.png 212w, https:\/\/metodoluanasoares.com.br\/wp-content\/uploads\/2025\/10\/Design-sem-nome-4-768x1086.png 768w, https:\/\/metodoluanasoares.com.br\/wp-content\/uploads\/2025\/10\/Design-sem-nome-4-1086x1536.png 1086w, https:\/\/metodoluanasoares.com.br\/wp-content\/uploads\/2025\/10\/Design-sem-nome-4.png 1414w\" sizes=\"(max-width: 724px) 100vw, 724px\" \/><\/figure><div class=\"wp-block-media-text__content\">\n<h4 class=\"has-text-align-center\"><strong>O material que acelera a sua <em>aprova\u00e7\u00e3o<\/em> em concursos p\u00fablicos<\/strong><\/h4>\n\n\n\n<p class=\"has-text-align-center\">Transforme sua prepara\u00e7\u00e3o com o nosso <strong>E-book de Modelos de Reda\u00e7\u00e3o para Concursos P\u00fablicos<\/strong> \u2013 o guia completo que re\u00fane mais de<strong> 50 textos dissertativos-argumentativos<\/strong> de <strong>diferentes eixos tem\u00e1ticos<\/strong>, todos cuidadosamente elaborados com <strong>30 linhas<\/strong>, para voc\u00ea dominar qualquer banca examinadora. Investir em sua prepara\u00e7\u00e3o \u00e9 o primeiro passo rumo \u00e0 aprova\u00e7\u00e3o. Adquira agora o E-book de Modelos de Reda\u00e7\u00e3o para Concursos P\u00fablicos e conquiste qualquer banca!<\/p>\n<\/div><\/div>\n\n\n\n<div class=\"wp-container-2 wp-block-group alignfull has-text-color has-background\" style=\"background-color:#ffffff;color:#000000\">\n<div class=\"wp-container-1 is-horizontal is-content-justification-center wp-block-buttons\">\n<div class=\"wp-block-button has-custom-width wp-block-button__width-50 has-custom-font-size is-style-fill has-medium-font-size\"><a class=\"wp-block-button__link has-foreground-color has-luminous-vivid-amber-background-color has-text-color has-background\" href=\"https:\/\/pay.hotmart.com\/M101459298D?off=vmhizly3\" style=\"border-radius:100px\" target=\"_blank\" rel=\"noreferrer noopener\"><strong>EU QUERO<\/strong><\/a><\/div>\n<\/div>\n<\/div>\n\n\n\n<h4 class=\"has-text-align-center\"><strong>Material essencial para a sua aprova\u00e7\u00e3o em concursos p\u00fablicos:<\/strong><\/h4>\n\n\n\n<ul><li><strong>Variedade para Todas as Bancas:<\/strong> Modelos elaborados com base nas exig\u00eancias das principais organizadoras de concursos, como FGV, SELECON, CEBRASPE, CESGRANRIO, IBFC, AOCP, IBGP, FCC, VUNESP, ATAME, IDCAP, IDECAN, CONSULPLAN&#8230;<\/li><li><strong>Mais de 40 Reda\u00e7\u00f5es Exclusivas:<\/strong> Conte\u00fado exclusivo com exemplos pr\u00e1ticos que demonstram como estruturar uma reda\u00e7\u00e3o impec\u00e1vel, do in\u00edcio \u00e0 conclus\u00e3o.<\/li><li><strong>Formato Dissertativo-Argumentativo:<\/strong> Aprenda a construir argumentos s\u00f3lidos, demonstrar dom\u00ednio da norma culta da l\u00edngua e desenvolver textos cr\u00edticos e coerentes.<\/li><li><strong>Praticidade e Efici\u00eancia:<\/strong> Cada reda\u00e7\u00e3o cont\u00e9m 30 linhas de texto que servem como refer\u00eancia para voc\u00ea treinar a escrita e otimizar seu tempo de estudo.<\/li><\/ul>\n\n\n\n<div class=\"wp-container-4 wp-block-group alignfull has-text-color has-background\" style=\"background-color:#ffffff;color:#000000\">\n<div class=\"wp-container-3 is-horizontal is-content-justification-center wp-block-buttons\">\n<div class=\"wp-block-button has-custom-width wp-block-button__width-50 has-custom-font-size is-style-fill has-medium-font-size\"><a class=\"wp-block-button__link has-foreground-color has-luminous-vivid-amber-background-color has-text-color has-background\" href=\"https:\/\/pay.hotmart.com\/M101459298D?off=vmhizly3\" style=\"border-radius:100px\" target=\"_blank\" rel=\"noreferrer noopener\"><strong>EU QUERO<\/strong><\/a><\/div>\n<\/div>\n<\/div>\n\n\n\n<h4 class=\"has-text-align-center\"><strong>Benef\u00edcios comprovados:<\/strong><\/h4>\n\n\n\n<ul><li><strong>Aumento da Confian\u00e7a:<\/strong> Familiarize-se com a estrutura e o estilo exigidos nas provas, eliminando d\u00favidas na hora de escrever.<\/li><li><strong>Rapidez ao escrever:<\/strong> Tenha os modelos de reda\u00e7\u00e3o a qualquer hora, sem precisar de internet, podendo estudar de forma pr\u00e1tica e eficiente.<\/li><li><strong>Ferramenta de Estudo Completa:<\/strong> Use os modelos como base para praticar, adaptar e evoluir sua pr\u00f3pria t\u00e9cnica de reda\u00e7\u00e3o, preparando-se para o sucesso.<\/li><\/ul>\n\n\n\n<div class=\"wp-block-media-text alignwide is-stacked-on-mobile has-background-color has-foreground-background-color has-text-color has-background\" style=\"grid-template-columns:28% auto\"><figure class=\"wp-block-media-text__media\"><img loading=\"lazy\" width=\"724\" height=\"1024\" src=\"https:\/\/metodoluanasoares.com.br\/wp-content\/uploads\/2025\/10\/Design-sem-nome-724x1024.png\" alt=\"\" class=\"wp-image-1730 size-full\" srcset=\"https:\/\/metodoluanasoares.com.br\/wp-content\/uploads\/2025\/10\/Design-sem-nome-724x1024.png 724w, https:\/\/metodoluanasoares.com.br\/wp-content\/uploads\/2025\/10\/Design-sem-nome-212x300.png 212w, https:\/\/metodoluanasoares.com.br\/wp-content\/uploads\/2025\/10\/Design-sem-nome-768x1086.png 768w, https:\/\/metodoluanasoares.com.br\/wp-content\/uploads\/2025\/10\/Design-sem-nome-1086x1536.png 1086w, https:\/\/metodoluanasoares.com.br\/wp-content\/uploads\/2025\/10\/Design-sem-nome.png 1414w\" sizes=\"(max-width: 724px) 100vw, 724px\" \/><\/figure><div class=\"wp-block-media-text__content\">\n<h4 class=\"has-text-align-center\"><strong>B\u00f4nus exclusivo: um diferencial para turbinar sua prepara\u00e7\u00e3o<\/strong><\/h4>\n\n\n\n<p class=\"has-text-align-center\">Ao adquirir o E-book de Modelos de Reda\u00e7\u00e3o, voc\u00ea recebe <strong>totalmente gr\u00e1tis<\/strong> um material b\u00f4nus com <strong>mais de 60 cita\u00e7\u00f5es<\/strong> de autores, fil\u00f3sofos, juristas, pensadores contempor\u00e2neos e cl\u00e1ssicos. Esse b\u00f4nus foi criado para <strong>enriquecer seus textos e aumentar sua nota<\/strong>, j\u00e1 que o uso de repert\u00f3rio legitimado \u00e9 um dos crit\u00e9rios mais valorizados pelas bancas corretoras.<\/p>\n<\/div><\/div>\n\n\n\n<div class=\"wp-container-6 wp-block-group alignfull has-text-color has-background\" style=\"background-color:#ffffff;color:#000000\">\n<div class=\"wp-container-5 is-horizontal is-content-justification-center wp-block-buttons\">\n<div class=\"wp-block-button has-custom-width wp-block-button__width-50 has-custom-font-size is-style-fill has-medium-font-size\"><a class=\"wp-block-button__link has-foreground-color has-luminous-vivid-amber-background-color has-text-color has-background\" href=\"https:\/\/pay.hotmart.com\/M101459298D?off=vmhizly3\" style=\"border-radius:100px\" target=\"_blank\" rel=\"noreferrer noopener\"><strong>COMPRAR O MATERIAL<\/strong><\/a><\/div>\n<\/div>\n<\/div>\n\n\n\n<h4 class=\"has-text-align-center\"><strong>Candidatos como voc\u00ea j\u00e1 conquistaram a aprova\u00e7\u00e3o com a minha ajuda:<\/strong><\/h4>\n\n\n\n<div class=\"wp-container-10 wp-block-columns\">\n<div class=\"wp-container-7 wp-block-column\">\n<figure class=\"wp-block-image size-large\"><img loading=\"lazy\" width=\"819\" height=\"1024\" src=\"http:\/\/metodoluanasoares.com.br\/wp-content\/uploads\/2024\/11\/7-2-819x1024.png\" alt=\"\" class=\"wp-image-1106\" srcset=\"https:\/\/metodoluanasoares.com.br\/wp-content\/uploads\/2024\/11\/7-2-819x1024.png 819w, https:\/\/metodoluanasoares.com.br\/wp-content\/uploads\/2024\/11\/7-2-240x300.png 240w, https:\/\/metodoluanasoares.com.br\/wp-content\/uploads\/2024\/11\/7-2-768x960.png 768w, https:\/\/metodoluanasoares.com.br\/wp-content\/uploads\/2024\/11\/7-2-1229x1536.png 1229w, https:\/\/metodoluanasoares.com.br\/wp-content\/uploads\/2024\/11\/7-2.png 1620w\" sizes=\"(max-width: 819px) 100vw, 819px\" \/><\/figure>\n<\/div>\n\n\n\n<div class=\"wp-container-8 wp-block-column\">\n<figure class=\"wp-block-image size-large\"><img loading=\"lazy\" width=\"819\" height=\"1024\" src=\"http:\/\/metodoluanasoares.com.br\/wp-content\/uploads\/2024\/11\/6-819x1024.png\" alt=\"\" class=\"wp-image-1104\" srcset=\"https:\/\/metodoluanasoares.com.br\/wp-content\/uploads\/2024\/11\/6-819x1024.png 819w, https:\/\/metodoluanasoares.com.br\/wp-content\/uploads\/2024\/11\/6-240x300.png 240w, https:\/\/metodoluanasoares.com.br\/wp-content\/uploads\/2024\/11\/6-768x960.png 768w, https:\/\/metodoluanasoares.com.br\/wp-content\/uploads\/2024\/11\/6-1229x1536.png 1229w, https:\/\/metodoluanasoares.com.br\/wp-content\/uploads\/2024\/11\/6.png 1620w\" sizes=\"(max-width: 819px) 100vw, 819px\" \/><\/figure>\n<\/div>\n\n\n\n<div class=\"wp-container-9 wp-block-column\">\n<figure class=\"wp-block-image size-large is-resized\"><img loading=\"lazy\" src=\"http:\/\/metodoluanasoares.com.br\/wp-content\/uploads\/2024\/11\/5-819x1024.png\" alt=\"\" class=\"wp-image-1103\" width=\"320\" height=\"400\" srcset=\"https:\/\/metodoluanasoares.com.br\/wp-content\/uploads\/2024\/11\/5-819x1024.png 819w, https:\/\/metodoluanasoares.com.br\/wp-content\/uploads\/2024\/11\/5-240x300.png 240w, https:\/\/metodoluanasoares.com.br\/wp-content\/uploads\/2024\/11\/5-768x960.png 768w, https:\/\/metodoluanasoares.com.br\/wp-content\/uploads\/2024\/11\/5-1229x1536.png 1229w, https:\/\/metodoluanasoares.com.br\/wp-content\/uploads\/2024\/11\/5.png 1620w\" sizes=\"(max-width: 320px) 100vw, 320px\" \/><\/figure>\n<\/div>\n<\/div>\n\n\n\n<div class=\"wp-container-12 wp-block-group alignfull has-text-color has-background\" style=\"background-color:#ffffff;color:#000000\">\n<h4 class=\"has-text-align-center\"><strong>Lembre-se: Caro \u00e9 n\u00e3o ser aprovado!<\/strong><\/h4>\n\n\n\n<h2 class=\"has-text-align-center\" id=\"schedule-a-visit\" style=\"font-size:59px;line-height:1.15\"><strong>R$29,99<\/strong><\/h2>\n\n\n\n<h4 class=\"has-text-align-center\">(pix, d\u00e9bito, boleto ou cart\u00e3o de cr\u00e9dito)<\/h4>\n\n\n\n<div class=\"wp-container-11 is-horizontal is-content-justification-center wp-block-buttons\">\n<div class=\"wp-block-button has-custom-width wp-block-button__width-50 has-custom-font-size is-style-fill has-medium-font-size\"><a class=\"wp-block-button__link has-foreground-color has-luminous-vivid-amber-background-color has-text-color has-background\" href=\"https:\/\/pay.hotmart.com\/M101459298D?off=vmhizly3\" style=\"border-radius:100px\" target=\"_blank\" rel=\"noreferrer noopener\"><strong>COMPRAR O MATERIAL<\/strong><\/a><\/div>\n<\/div>\n<\/div>\n\n\n\n<div class=\"wp-block-media-text alignwide is-stacked-on-mobile has-background-color has-foreground-background-color has-text-color has-background\"><figure class=\"wp-block-media-text__media\"><img loading=\"lazy\" width=\"819\" height=\"1024\" src=\"http:\/\/metodoluanasoares.com.br\/wp-content\/uploads\/2025\/09\/posts-2026-4-819x1024.png\" alt=\"\" class=\"wp-image-1614 size-full\" srcset=\"https:\/\/metodoluanasoares.com.br\/wp-content\/uploads\/2025\/09\/posts-2026-4-819x1024.png 819w, https:\/\/metodoluanasoares.com.br\/wp-content\/uploads\/2025\/09\/posts-2026-4-240x300.png 240w, https:\/\/metodoluanasoares.com.br\/wp-content\/uploads\/2025\/09\/posts-2026-4-768x960.png 768w, https:\/\/metodoluanasoares.com.br\/wp-content\/uploads\/2025\/09\/posts-2026-4.png 1080w\" sizes=\"(max-width: 819px) 100vw, 819px\" \/><\/figure><div class=\"wp-block-media-text__content\">\n<h4 class=\"has-text-align-center\"><strong>Conhe\u00e7a sua professora:<\/strong><\/h4>\n\n\n\n<p class=\"has-text-align-center\">Sou professora efetiva de L\u00edngua Portuguesa na Secretaria de Estado de Educa\u00e7\u00e3o de Mato Grosso (SEDUC\/MT), onde conquistei o primeiro lugar no concurso p\u00fablico. Minha forma\u00e7\u00e3o inclui doutorado pela Universidade do Estado de Mato Grosso (UNEMAT) e mestrado e gradua\u00e7\u00e3o pela Universidade Federal de Mato Grosso (UFMT). Durante minha trajet\u00f3ria acad\u00eamica, estagiei na Universidade de S\u00e3o Paulo (USP) e apresentei trabalhos na Universidade de Yale, nos Estados Unidos. Sou co-autora do livro de poemas&nbsp;<em>Rasuras Negras<\/em>&nbsp;e tive uma de minhas poesias selecionada entre as 10 melhores do Pr\u00eamio Pix\u00e9 de Literatura (2019). Com mais de 10 anos de experi\u00eancia no ensino de reda\u00e7\u00e3o e escrita, j\u00e1 atuei como professora na Funda\u00e7\u00e3o Bradesco e no Instituto Federal de Mato Grosso (IFMT). Tamb\u00e9m fui corretora oficial do Exame Nacional do Ensino M\u00e9dio (ENEM). Ajudo centenas de estudantes e concurseiros a alcan\u00e7arem seus objetivos por meio da reda\u00e7\u00e3o.<\/p>\n<\/div><\/div>\n\n\n\n<h4 class=\"has-text-align-center\"><strong>Me encontre nas redes sociais:<\/strong><\/h4>\n\n\n\n<div class=\"wp-container-17 wp-block-columns is-not-stacked-on-mobile\">\n<div class=\"wp-container-13 wp-block-column\">\n<figure class=\"wp-block-image size-full\"><a href=\"https:\/\/www.youtube.com\/channel\/UCorvaZ7ghwzeIPTnJJVku3w\"><img loading=\"lazy\" width=\"940\" height=\"788\" src=\"http:\/\/metodoluanasoares.com.br\/wp-content\/uploads\/2025\/10\/6.png\" alt=\"\" class=\"wp-image-1655\" srcset=\"https:\/\/metodoluanasoares.com.br\/wp-content\/uploads\/2025\/10\/6.png 940w, https:\/\/metodoluanasoares.com.br\/wp-content\/uploads\/2025\/10\/6-300x251.png 300w, https:\/\/metodoluanasoares.com.br\/wp-content\/uploads\/2025\/10\/6-768x644.png 768w\" sizes=\"(max-width: 940px) 100vw, 940px\" \/><\/a><\/figure>\n<\/div>\n\n\n\n<div class=\"wp-container-14 wp-block-column\">\n<figure class=\"wp-block-image size-full\"><a href=\"https:\/\/www.tiktok.com\/@conversalu\"><img loading=\"lazy\" width=\"940\" height=\"788\" src=\"http:\/\/metodoluanasoares.com.br\/wp-content\/uploads\/2025\/10\/5.png\" alt=\"\" class=\"wp-image-1654\" srcset=\"https:\/\/metodoluanasoares.com.br\/wp-content\/uploads\/2025\/10\/5.png 940w, https:\/\/metodoluanasoares.com.br\/wp-content\/uploads\/2025\/10\/5-300x251.png 300w, https:\/\/metodoluanasoares.com.br\/wp-content\/uploads\/2025\/10\/5-768x644.png 768w\" sizes=\"(max-width: 940px) 100vw, 940px\" \/><\/a><\/figure>\n<\/div>\n\n\n\n<div class=\"wp-container-15 wp-block-column\">\n<figure class=\"wp-block-image size-full\"><a href=\"https:\/\/www.facebook.com\/conversalu\"><img loading=\"lazy\" width=\"940\" height=\"788\" src=\"http:\/\/metodoluanasoares.com.br\/wp-content\/uploads\/2025\/10\/4.png\" alt=\"\" class=\"wp-image-1653\" srcset=\"https:\/\/metodoluanasoares.com.br\/wp-content\/uploads\/2025\/10\/4.png 940w, https:\/\/metodoluanasoares.com.br\/wp-content\/uploads\/2025\/10\/4-300x251.png 300w, https:\/\/metodoluanasoares.com.br\/wp-content\/uploads\/2025\/10\/4-768x644.png 768w\" sizes=\"(max-width: 940px) 100vw, 940px\" \/><\/a><\/figure>\n<\/div>\n\n\n\n<div class=\"wp-container-16 wp-block-column\">\n<figure class=\"wp-block-image size-full\"><a href=\"https:\/\/www.instagram.com\/conversalu\/\"><img loading=\"lazy\" width=\"940\" height=\"788\" src=\"http:\/\/metodoluanasoares.com.br\/wp-content\/uploads\/2025\/10\/2.png\" alt=\"\" class=\"wp-image-1651\" srcset=\"https:\/\/metodoluanasoares.com.br\/wp-content\/uploads\/2025\/10\/2.png 940w, https:\/\/metodoluanasoares.com.br\/wp-content\/uploads\/2025\/10\/2-300x251.png 300w, https:\/\/metodoluanasoares.com.br\/wp-content\/uploads\/2025\/10\/2-768x644.png 768w\" sizes=\"(max-width: 940px) 100vw, 940px\" \/><\/a><\/figure>\n<\/div>\n<\/div>\n\n\n\n<p class=\"has-text-align-center has-small-font-size\"><em>M\u00e9todo Luana Soares | MLS \u2013 contato@metodoluanasoares.com.br | SSE Solu\u00e7\u00f5es Sistemas Educacionais<\/em><\/p>\n\n\n\n<p class=\"has-background-color has-text-color\">..<\/p>\n","protected":false},"excerpt":{"rendered":"<p>O material que acelera a sua aprova\u00e7\u00e3o em concursos p\u00fablicos Transforme sua prepara\u00e7\u00e3o com o nosso E-book de Modelos de Reda\u00e7\u00e3o para Concursos P\u00fablicos \u2013 o guia completo que re\u00fane mais de 50 textos dissertativos-argumentativos de diferentes eixos tem\u00e1ticos, todos cuidadosamente elaborados com 30 linhas, para voc\u00ea dominar qualquer banca examinadora. Investir em sua prepara\u00e7\u00e3o [&hellip;]<\/p>\n","protected":false},"author":1,"featured_media":0,"parent":0,"menu_order":0,"comment_status":"closed","ping_status":"closed","template":"blank","meta":{"om_disable_all_campaigns":false,"_monsterinsights_skip_tracking":false,"_monsterinsights_sitenote_active":false,"_monsterinsights_sitenote_note":"","_monsterinsights_sitenote_category":0},"aioseo_notices":[],"_links":{"self":[{"href":"https:\/\/metodoluanasoares.com.br\/index.php\/wp-json\/wp\/v2\/pages\/1378"}],"collection":[{"href":"https:\/\/metodoluanasoares.com.br\/index.php\/wp-json\/wp\/v2\/pages"}],"about":[{"href":"https:\/\/metodoluanasoares.com.br\/index.php\/wp-json\/wp\/v2\/types\/page"}],"author":[{"embeddable":true,"href":"https:\/\/metodoluanasoares.com.br\/index.php\/wp-json\/wp\/v2\/users\/1"}],"replies":[{"embeddable":true,"href":"https:\/\/metodoluanasoares.com.br\/index.php\/wp-json\/wp\/v2\/comments?post=1378"}],"version-history":[{"count":44,"href":"https:\/\/metodoluanasoares.com.br\/index.php\/wp-json\/wp\/v2\/pages\/1378\/revisions"}],"predecessor-version":[{"id":2050,"href":"https:\/\/metodoluanasoares.com.br\/index.php\/wp-json\/wp\/v2\/pages\/1378\/revisions\/2050"}],"wp:attachment":[{"href":"https:\/\/metodoluanasoares.com.br\/index.php\/wp-json\/wp\/v2\/media?parent=1378"}],"curies":[{"name":"wp","href":"https:\/\/api.w.org\/{rel}","templated":true}]}}