{"id":1426,"date":"2025-06-23T23:54:59","date_gmt":"2025-06-23T23:54:59","guid":{"rendered":"https:\/\/metodoluanasoares.com.br\/?page_id=1426"},"modified":"2026-01-12T14:43:36","modified_gmt":"2026-01-12T14:43:36","slug":"manual-de-redacao-para-concursos-publicos","status":"publish","type":"page","link":"https:\/\/metodoluanasoares.com.br\/index.php\/manual-de-redacao-para-concursos-publicos\/","title":{"rendered":"Manual de reda\u00e7\u00e3o para concursos p\u00fablicos"},"content":{"rendered":"\n<div class=\"wp-block-media-text alignwide is-stacked-on-mobile has-background-color has-foreground-background-color has-text-color has-background\" style=\"grid-template-columns:32% auto\"><figure class=\"wp-block-media-text__media\"><img loading=\"lazy\" width=\"724\" height=\"1024\" src=\"https:\/\/metodoluanasoares.com.br\/wp-content\/uploads\/2025\/10\/Design-sem-nome-3-724x1024.png\" alt=\"\" class=\"wp-image-1683 size-full\" srcset=\"https:\/\/metodoluanasoares.com.br\/wp-content\/uploads\/2025\/10\/Design-sem-nome-3-724x1024.png 724w, https:\/\/metodoluanasoares.com.br\/wp-content\/uploads\/2025\/10\/Design-sem-nome-3-212x300.png 212w, https:\/\/metodoluanasoares.com.br\/wp-content\/uploads\/2025\/10\/Design-sem-nome-3-768x1086.png 768w, https:\/\/metodoluanasoares.com.br\/wp-content\/uploads\/2025\/10\/Design-sem-nome-3-1086x1536.png 1086w, https:\/\/metodoluanasoares.com.br\/wp-content\/uploads\/2025\/10\/Design-sem-nome-3.png 1414w\" sizes=\"(max-width: 724px) 100vw, 724px\" \/><\/figure><div class=\"wp-block-media-text__content\">\n<h4 class=\"has-text-align-center\"><strong>Domine o texto dissertativo-argumentativo de at\u00e9 30 linhas e conquiste sua vaga<\/strong>!<\/h4>\n\n\n\n<p class=\"has-text-align-center\"><strong>Um guia completo, direto ao ponto e adaptado \u00e0s exig\u00eancias das principais bancas do pa\u00eds.<\/strong><\/p>\n\n\n\n<p class=\"has-text-align-center\">Dominar a reda\u00e7\u00e3o \u00e9 o que separa quem apenas sonha com a aprova\u00e7\u00e3o de quem realmente conquista a vaga. O <strong>Manual de Reda\u00e7\u00e3o para Concursos<\/strong> foi criado para ensinar, passo a passo, como escrever textos claros, cr\u00edticos e estrat\u00e9gicos, exatamente como as bancas exigem.<\/p>\n<\/div><\/div>\n\n\n\n<h4 class=\"has-text-align-center\"><strong>Material essencial para a sua aprova\u00e7\u00e3o em concursos p\u00fablicos:<\/strong><\/h4>\n\n\n\n<ul><li><strong>Estrutura para todas as bancas:<\/strong>&nbsp;o m\u00e9todo que est\u00e1 nesse material tem como base as exig\u00eancias das principais bancas organizadoras de concursos, como FGV, SELECON, CEBRASPE, CESGRANRIO, AOCP, IBFC, FCC, VUNESP, ATAME, IDCAP, IDECAN, CONSULPLAN, IBGP\u2026<\/li><li><strong><strong>Aprenda reda\u00e7\u00e3o do zero<\/strong>: <\/strong>Voc\u00ea aprender\u00e1 a montar sua reda\u00e7\u00e3o com clareza, l\u00f3gica e coer\u00eancia, mesmo que n\u00e3o tenha pr\u00e1tica com escrita<\/li><li><strong>An\u00e1lise das principais bancas<\/strong>: Entenda o que FGV, Cebraspe, Vunesp, IBFC, FCC, Selecon e outras esperam de um bom texto<\/li><li><strong>Repert\u00f3rio incr\u00edveis para todos os temas<\/strong>: Cita\u00e7\u00f5es filos\u00f3ficas, sociol\u00f3gicas, liter\u00e1rias, jur\u00eddicas e hist\u00f3ricas aplic\u00e1veis a diversos temas. Tudo isso com contexto e explica\u00e7\u00e3o.<\/li><\/ul>\n\n\n\n<div class=\"wp-container-2 wp-block-group alignfull has-text-color has-background\" style=\"background-color:#ffffff;color:#000000\">\n<div class=\"wp-container-1 is-horizontal is-content-justification-center wp-block-buttons\">\n<div class=\"wp-block-button has-custom-width wp-block-button__width-50\"><a class=\"wp-block-button__link has-foreground-color has-luminous-vivid-amber-background-color has-text-color has-background\" href=\"https:\/\/pay.hotmart.com\/M101465670T?off=5qi6tp61\" style=\"border-radius:100px\" target=\"_blank\" rel=\"noreferrer noopener\"><strong>EU QUERO<\/strong><\/a><\/div>\n<\/div>\n<\/div>\n\n\n\n<h4 class=\"has-text-align-center\"><strong>O manual \u00e9 para quem&#8230;<\/strong><\/h4>\n\n\n\n<ul><li>Est\u00e1 se preparando para concursos p\u00fablicos com que exigem o texto <strong>dissertativo-argumentativo 30 linhas<\/strong><\/li><li>Quer uma <strong>abordagem clara<\/strong>, objetiva e eficaz, sem enrola\u00e7\u00e3o te\u00f3rica<\/li><li>Sente <strong>dificuldade<\/strong> em organizar ideias, argumentar ou concluir bem o texto<\/li><li>Quer aprender uma estrutura que funcione para<strong> qualquer tema<\/strong><\/li><\/ul>\n\n\n\n<h4 class=\"has-text-align-center\"><strong>Os b\u00f4nus exclusivos que v\u00e3o transformar seu texto:<\/strong><\/h4>\n\n\n\n<div class=\"wp-block-media-text alignwide has-media-on-the-right is-stacked-on-mobile\" style=\"grid-template-columns:auto 33%\"><figure class=\"wp-block-media-text__media\"><img loading=\"lazy\" width=\"1024\" height=\"1024\" src=\"http:\/\/metodoluanasoares.com.br\/wp-content\/uploads\/2025\/05\/Design-sem-nome-2-1024x1024.jpg\" alt=\"\" class=\"wp-image-1380 size-full\" srcset=\"https:\/\/metodoluanasoares.com.br\/wp-content\/uploads\/2025\/05\/Design-sem-nome-2-1024x1024.jpg 1024w, https:\/\/metodoluanasoares.com.br\/wp-content\/uploads\/2025\/05\/Design-sem-nome-2-300x300.jpg 300w, https:\/\/metodoluanasoares.com.br\/wp-content\/uploads\/2025\/05\/Design-sem-nome-2-150x150.jpg 150w, https:\/\/metodoluanasoares.com.br\/wp-content\/uploads\/2025\/05\/Design-sem-nome-2-768x768.jpg 768w, https:\/\/metodoluanasoares.com.br\/wp-content\/uploads\/2025\/05\/Design-sem-nome-2.jpg 1080w\" sizes=\"(max-width: 1024px) 100vw, 1024px\" \/><\/figure><div class=\"wp-block-media-text__content\">\n<p class=\"has-text-align-center\">Ao adquirir o <em>Manual de reda\u00e7\u00e3o para concursos p\u00fablicos<\/em>, voc\u00ea recebe&nbsp;<strong>totalmente gr\u00e1tis<\/strong>&nbsp;um material b\u00f4nus com&nbsp;<strong>mais de 60 cita\u00e7\u00f5es<\/strong>&nbsp;de autores, fil\u00f3sofos, juristas, pensadores contempor\u00e2neos e cl\u00e1ssicos. Esse b\u00f4nus foi criado para&nbsp;<strong>enriquecer seus textos e aumentar sua nota<\/strong>, j\u00e1 que o uso de repert\u00f3rio legitimado \u00e9 um dos crit\u00e9rios mais valorizados pelas bancas corretoras.<\/p>\n<\/div><\/div>\n\n\n\n<div class=\"wp-block-media-text alignwide is-stacked-on-mobile\" style=\"grid-template-columns:29% auto\"><figure class=\"wp-block-media-text__media\"><img loading=\"lazy\" width=\"724\" height=\"1024\" src=\"http:\/\/metodoluanasoares.com.br\/wp-content\/uploads\/2025\/10\/Design-sem-nome-4-724x1024.png\" alt=\"\" class=\"wp-image-1690 size-full\" srcset=\"https:\/\/metodoluanasoares.com.br\/wp-content\/uploads\/2025\/10\/Design-sem-nome-4-724x1024.png 724w, https:\/\/metodoluanasoares.com.br\/wp-content\/uploads\/2025\/10\/Design-sem-nome-4-212x300.png 212w, https:\/\/metodoluanasoares.com.br\/wp-content\/uploads\/2025\/10\/Design-sem-nome-4-768x1086.png 768w, https:\/\/metodoluanasoares.com.br\/wp-content\/uploads\/2025\/10\/Design-sem-nome-4-1086x1536.png 1086w, https:\/\/metodoluanasoares.com.br\/wp-content\/uploads\/2025\/10\/Design-sem-nome-4.png 1414w\" sizes=\"(max-width: 724px) 100vw, 724px\" \/><\/figure><div class=\"wp-block-media-text__content\">\n<p class=\"has-text-align-center\">Voc\u00ea vai receber um&nbsp;<strong>e-book exclusivo com modelos de reda\u00e7\u00e3o<\/strong>&nbsp;produzidas de acordo com as bancas de concursos p\u00fablicos brasileiras. Esses modelos s\u00e3o baseados em temas que j\u00e1 foram cobrados em provas de concursos anteriores. Esse material vai ser seu guia pr\u00e1tico,&nbsp;<strong>mostrando exatamente como estruturar seus textos<\/strong>&nbsp;e qual o tipo de argumenta\u00e7\u00e3o que funciona. Perfeito para voc\u00ea consultar sempre que precisar!<\/p>\n<\/div><\/div>\n\n\n\n<div class=\"wp-container-4 wp-block-group alignfull has-text-color has-background\" style=\"background-color:#ffffff;color:#000000\">\n<div class=\"wp-container-3 is-horizontal is-content-justification-center wp-block-buttons\">\n<div class=\"wp-block-button has-custom-width wp-block-button__width-50\"><a class=\"wp-block-button__link has-foreground-color has-luminous-vivid-amber-background-color has-text-color has-background\" href=\"https:\/\/pay.hotmart.com\/M101465670T?off=5qi6tp61\" style=\"border-radius:100px\" target=\"_blank\" rel=\"noreferrer noopener\"><strong>EU QUERO<\/strong><\/a><\/div>\n<\/div>\n<\/div>\n\n\n\n<h4 class=\"has-text-align-center\"><strong>Candidatos como voc\u00ea j\u00e1 conquistaram a aprova\u00e7\u00e3o com a minha ajuda:<\/strong><\/h4>\n\n\n\n<div class=\"wp-container-8 wp-block-columns\">\n<div class=\"wp-container-5 wp-block-column\">\n<figure class=\"wp-block-image size-large\"><img loading=\"lazy\" width=\"766\" height=\"1024\" src=\"http:\/\/metodoluanasoares.com.br\/wp-content\/uploads\/2024\/10\/Screenshot_20241001_200647_Instagram-766x1024.jpg\" alt=\"\" class=\"wp-image-918\" srcset=\"https:\/\/metodoluanasoares.com.br\/wp-content\/uploads\/2024\/10\/Screenshot_20241001_200647_Instagram-766x1024.jpg 766w, https:\/\/metodoluanasoares.com.br\/wp-content\/uploads\/2024\/10\/Screenshot_20241001_200647_Instagram-224x300.jpg 224w, https:\/\/metodoluanasoares.com.br\/wp-content\/uploads\/2024\/10\/Screenshot_20241001_200647_Instagram-768x1026.jpg 768w, https:\/\/metodoluanasoares.com.br\/wp-content\/uploads\/2024\/10\/Screenshot_20241001_200647_Instagram.jpg 960w\" sizes=\"(max-width: 766px) 100vw, 766px\" \/><\/figure>\n<\/div>\n\n\n\n<div class=\"wp-container-6 wp-block-column\">\n<figure class=\"wp-block-image size-large\"><img loading=\"lazy\" width=\"724\" height=\"1024\" src=\"http:\/\/metodoluanasoares.com.br\/wp-content\/uploads\/2024\/01\/61-724x1024.png\" alt=\"\" class=\"wp-image-613\" srcset=\"https:\/\/metodoluanasoares.com.br\/wp-content\/uploads\/2024\/01\/61-724x1024.png 724w, https:\/\/metodoluanasoares.com.br\/wp-content\/uploads\/2024\/01\/61-212x300.png 212w, https:\/\/metodoluanasoares.com.br\/wp-content\/uploads\/2024\/01\/61-768x1086.png 768w, https:\/\/metodoluanasoares.com.br\/wp-content\/uploads\/2024\/01\/61-1086x1536.png 1086w, https:\/\/metodoluanasoares.com.br\/wp-content\/uploads\/2024\/01\/61.png 1414w\" sizes=\"(max-width: 724px) 100vw, 724px\" \/><\/figure>\n<\/div>\n\n\n\n<div class=\"wp-container-7 wp-block-column\">\n<figure class=\"wp-block-image size-large\"><img loading=\"lazy\" width=\"724\" height=\"1024\" src=\"http:\/\/metodoluanasoares.com.br\/wp-content\/uploads\/2024\/01\/63-724x1024.png\" alt=\"\" class=\"wp-image-611\" srcset=\"https:\/\/metodoluanasoares.com.br\/wp-content\/uploads\/2024\/01\/63-724x1024.png 724w, https:\/\/metodoluanasoares.com.br\/wp-content\/uploads\/2024\/01\/63-212x300.png 212w, https:\/\/metodoluanasoares.com.br\/wp-content\/uploads\/2024\/01\/63-768x1086.png 768w, https:\/\/metodoluanasoares.com.br\/wp-content\/uploads\/2024\/01\/63-1086x1536.png 1086w, https:\/\/metodoluanasoares.com.br\/wp-content\/uploads\/2024\/01\/63.png 1414w\" sizes=\"(max-width: 724px) 100vw, 724px\" \/><\/figure>\n<\/div>\n<\/div>\n\n\n\n<h4 class=\"has-text-align-center\"><strong>Lembre-se: Caro \u00e9 n\u00e3o ser aprovado!<\/strong><\/h4>\n\n\n\n<h2 class=\"has-text-align-center\" id=\"schedule-a-visit\"><strong>R$&nbsp;49,99<\/strong><\/h2>\n\n\n\n<h4 class=\"has-text-align-center\">(pix, d\u00e9bito, boleto ou cart\u00e3o de cr\u00e9dito)<\/h4>\n\n\n\n<div class=\"wp-container-10 wp-block-group alignfull has-text-color has-background\" style=\"background-color:#ffffff;color:#000000\">\n<div class=\"wp-container-9 is-horizontal is-content-justification-center wp-block-buttons\">\n<div class=\"wp-block-button has-custom-width wp-block-button__width-75\"><a class=\"wp-block-button__link has-foreground-color has-luminous-vivid-amber-background-color has-text-color has-background\" href=\"https:\/\/pay.hotmart.com\/M101465670T?off=5qi6tp61\" style=\"border-radius:100px\" target=\"_blank\" rel=\"noreferrer noopener\"><strong>CLIQUE AQUI PARA ADQUIRIR O MATERIAL<\/strong><\/a><\/div>\n<\/div>\n<\/div>\n\n\n\n<div class=\"wp-block-media-text alignwide has-media-on-the-right is-stacked-on-mobile has-background-color has-foreground-background-color has-text-color has-background\"><figure class=\"wp-block-media-text__media\"><img loading=\"lazy\" width=\"819\" height=\"1024\" src=\"http:\/\/metodoluanasoares.com.br\/wp-content\/uploads\/2025\/09\/posts-2026-4-819x1024.png\" alt=\"\" class=\"wp-image-1614 size-full\" srcset=\"https:\/\/metodoluanasoares.com.br\/wp-content\/uploads\/2025\/09\/posts-2026-4-819x1024.png 819w, https:\/\/metodoluanasoares.com.br\/wp-content\/uploads\/2025\/09\/posts-2026-4-240x300.png 240w, https:\/\/metodoluanasoares.com.br\/wp-content\/uploads\/2025\/09\/posts-2026-4-768x960.png 768w, https:\/\/metodoluanasoares.com.br\/wp-content\/uploads\/2025\/09\/posts-2026-4.png 1080w\" sizes=\"(max-width: 819px) 100vw, 819px\" \/><\/figure><div class=\"wp-block-media-text__content\">\n<h4 class=\"has-text-align-center\"><strong>Professora Luana Soares<\/strong><\/h4>\n\n\n\n<p class=\"has-text-align-center\">Sou professora efetiva de L\u00edngua Portuguesa na Secretaria de Estado de Educa\u00e7\u00e3o de Mato Grosso (SEDUC\/MT), onde conquistei o primeiro lugar no concurso p\u00fablico. Minha forma\u00e7\u00e3o inclui doutorado pela Universidade do Estado de Mato Grosso (UNEMAT) e mestrado e gradua\u00e7\u00e3o pela Universidade Federal de Mato Grosso (UFMT). Durante minha trajet\u00f3ria acad\u00eamica, estagiei na Universidade de S\u00e3o Paulo (USP) e apresentei trabalhos na Universidade de Yale, nos Estados Unidos. Sou co-autora do livro de poemas&nbsp;<em>Rasuras Negras<\/em>&nbsp;e tive uma de minhas poesias selecionada entre as 10 melhores do Pr\u00eamio Pix\u00e9 de Literatura (2019). Com mais de 10 anos de experi\u00eancia no ensino de reda\u00e7\u00e3o e escrita, j\u00e1 atuei como professora na Funda\u00e7\u00e3o Bradesco e no Instituto Federal de Mato Grosso (IFMT). Tamb\u00e9m fui corretora oficial do Exame Nacional do Ensino M\u00e9dio (ENEM). Ajudo centenas de estudantes e concurseiros a alcan\u00e7arem seus objetivos por meio da reda\u00e7\u00e3o.<\/p>\n<\/div><\/div>\n\n\n\n<h4 class=\"has-text-align-center\"><strong>Me encontre nas redes sociais<\/strong><\/h4>\n\n\n\n<div class=\"wp-container-15 wp-block-columns is-not-stacked-on-mobile\">\n<div class=\"wp-container-11 wp-block-column\">\n<figure class=\"wp-block-image size-full\"><a href=\"https:\/\/www.youtube.com\/@conversalu\/videos\" target=\"_blank\" rel=\"noreferrer noopener\"><img loading=\"lazy\" width=\"940\" height=\"788\" src=\"http:\/\/metodoluanasoares.com.br\/wp-content\/uploads\/2025\/10\/6.png\" alt=\"\" class=\"wp-image-1655\" srcset=\"https:\/\/metodoluanasoares.com.br\/wp-content\/uploads\/2025\/10\/6.png 940w, https:\/\/metodoluanasoares.com.br\/wp-content\/uploads\/2025\/10\/6-300x251.png 300w, https:\/\/metodoluanasoares.com.br\/wp-content\/uploads\/2025\/10\/6-768x644.png 768w\" sizes=\"(max-width: 940px) 100vw, 940px\" \/><\/a><\/figure>\n<\/div>\n\n\n\n<div class=\"wp-container-12 wp-block-column\">\n<figure class=\"wp-block-image size-full\"><a href=\"https:\/\/www.tiktok.com\/@conversalu\" target=\"_blank\" rel=\"noreferrer noopener\"><img loading=\"lazy\" width=\"940\" height=\"788\" src=\"http:\/\/metodoluanasoares.com.br\/wp-content\/uploads\/2025\/10\/5.png\" alt=\"\" class=\"wp-image-1654\" srcset=\"https:\/\/metodoluanasoares.com.br\/wp-content\/uploads\/2025\/10\/5.png 940w, https:\/\/metodoluanasoares.com.br\/wp-content\/uploads\/2025\/10\/5-300x251.png 300w, https:\/\/metodoluanasoares.com.br\/wp-content\/uploads\/2025\/10\/5-768x644.png 768w\" sizes=\"(max-width: 940px) 100vw, 940px\" \/><\/a><\/figure>\n<\/div>\n\n\n\n<div class=\"wp-container-13 wp-block-column\">\n<figure class=\"wp-block-image size-full\"><a href=\"https:\/\/www.facebook.com\/conversalu\" target=\"_blank\" rel=\"noreferrer noopener\"><img loading=\"lazy\" width=\"940\" height=\"788\" src=\"http:\/\/metodoluanasoares.com.br\/wp-content\/uploads\/2025\/10\/4.png\" alt=\"\" class=\"wp-image-1653\" srcset=\"https:\/\/metodoluanasoares.com.br\/wp-content\/uploads\/2025\/10\/4.png 940w, https:\/\/metodoluanasoares.com.br\/wp-content\/uploads\/2025\/10\/4-300x251.png 300w, https:\/\/metodoluanasoares.com.br\/wp-content\/uploads\/2025\/10\/4-768x644.png 768w\" sizes=\"(max-width: 940px) 100vw, 940px\" \/><\/a><\/figure>\n<\/div>\n\n\n\n<div class=\"wp-container-14 wp-block-column\">\n<figure class=\"wp-block-image size-full\"><a href=\"https:\/\/www.instagram.com\/conversalu\/\" target=\"_blank\" rel=\"noreferrer noopener\"><img loading=\"lazy\" width=\"940\" height=\"788\" src=\"http:\/\/metodoluanasoares.com.br\/wp-content\/uploads\/2025\/10\/2.png\" alt=\"\" class=\"wp-image-1651\" srcset=\"https:\/\/metodoluanasoares.com.br\/wp-content\/uploads\/2025\/10\/2.png 940w, https:\/\/metodoluanasoares.com.br\/wp-content\/uploads\/2025\/10\/2-300x251.png 300w, https:\/\/metodoluanasoares.com.br\/wp-content\/uploads\/2025\/10\/2-768x644.png 768w\" sizes=\"(max-width: 940px) 100vw, 940px\" \/><\/a><\/figure>\n<\/div>\n<\/div>\n\n\n\n<p class=\"has-text-align-center\"><em>M\u00e9todo Luana Soares | MLS \u2013 contato@metodoluanasoares.com.br | SSE Solu\u00e7\u00f5es Sistemas Educacionais<\/em><\/p>\n\n\n\n<p class=\"has-background-color has-text-color\">&#8230;<\/p>\n","protected":false},"excerpt":{"rendered":"<p>Domine o texto dissertativo-argumentativo de at\u00e9 30 linhas e conquiste sua vaga! Um guia completo, direto ao ponto e adaptado \u00e0s exig\u00eancias das principais bancas do pa\u00eds. Dominar a reda\u00e7\u00e3o \u00e9 o que separa quem apenas sonha com a aprova\u00e7\u00e3o de quem realmente conquista a vaga. O Manual de Reda\u00e7\u00e3o para Concursos foi criado para [&hellip;]<\/p>\n","protected":false},"author":1,"featured_media":0,"parent":0,"menu_order":0,"comment_status":"closed","ping_status":"closed","template":"blank","meta":{"om_disable_all_campaigns":false,"_monsterinsights_skip_tracking":false,"_monsterinsights_sitenote_active":false,"_monsterinsights_sitenote_note":"","_monsterinsights_sitenote_category":0},"aioseo_notices":[],"_links":{"self":[{"href":"https:\/\/metodoluanasoares.com.br\/index.php\/wp-json\/wp\/v2\/pages\/1426"}],"collection":[{"href":"https:\/\/metodoluanasoares.com.br\/index.php\/wp-json\/wp\/v2\/pages"}],"about":[{"href":"https:\/\/metodoluanasoares.com.br\/index.php\/wp-json\/wp\/v2\/types\/page"}],"author":[{"embeddable":true,"href":"https:\/\/metodoluanasoares.com.br\/index.php\/wp-json\/wp\/v2\/users\/1"}],"replies":[{"embeddable":true,"href":"https:\/\/metodoluanasoares.com.br\/index.php\/wp-json\/wp\/v2\/comments?post=1426"}],"version-history":[{"count":38,"href":"https:\/\/metodoluanasoares.com.br\/index.php\/wp-json\/wp\/v2\/pages\/1426\/revisions"}],"predecessor-version":[{"id":1920,"href":"https:\/\/metodoluanasoares.com.br\/index.php\/wp-json\/wp\/v2\/pages\/1426\/revisions\/1920"}],"wp:attachment":[{"href":"https:\/\/metodoluanasoares.com.br\/index.php\/wp-json\/wp\/v2\/media?parent=1426"}],"curies":[{"name":"wp","href":"https:\/\/api.w.org\/{rel}","templated":true}]}}